{"id":418,"date":"2022-05-11T15:08:43","date_gmt":"2022-05-11T13:08:43","guid":{"rendered":"https:\/\/appianiagostino.it\/?post_type=product&#038;p=418"},"modified":"2024-05-17T12:14:20","modified_gmt":"2024-05-17T10:14:20","slug":"bedframes-for-cullets","status":"publish","type":"product","link":"https:\/\/appianiagostino.it\/en\/product-2\/bedframes-for-cullets\/","title":{"rendered":"Veil support for child beds and cots"},"content":{"rendered":"<p>We produce <strong>rods and moulded structure<\/strong> to be able to add to the baby's cot or cradle the<strong> mosquito net or blackout curtain<\/strong>.<\/p>\n<p>The structure can be <strong>easily attached directly to the bed by means of rubberised jaws<\/strong> or it may provide for a <strong>ground base<\/strong>, a more suitable solution for basket cots, for example.<\/p>\n<p>It is a touch of romanticism and classicism but also a<strong> timeless accessory to protect the baby from flying insects and persistent light<\/strong> during his sweet dreams.<\/p>\n<p><strong>The structure is made of painted and shaped iron<\/strong> and is available <strong>in ice white or cream<\/strong> (other colours on request).<\/p>\n<p>Thanks to partnerships with the best brands in bedroom textiles, <strong>we can also supply the fabric part in various patterns or the mosquito veil on request.<\/strong><\/p>","protected":false},"excerpt":{"rendered":"<p>Produciamo aste e struttura sagomata per poter aggiungere al lettino o alla culla del beb\u00e8 il velo antizanzare o la tenda oscurante. La struttura pu\u00f2 essere facilmente agganciata direttamente al letto tramite apposite ganasce gommate oppure pu\u00f2 prevedere una base a terra, soluzione pi\u00f9 adatta per esempio per le culle a cesta . Si tratta [&hellip;]<\/p>\n","protected":false},"featured_media":419,"template":"","meta":{"_acf_changed":false,"_et_pb_use_builder":"","_et_pb_old_content":"","_et_gb_content_width":""},"product_brand":[],"product_cat":[19],"product_tag":[283,282,280,44,281],"class_list":{"0":"post-418","1":"product","2":"type-product","3":"status-publish","4":"has-post-thumbnail","6":"product_cat-articoli-infanzia","7":"product_tag-asta-lunga","8":"product_tag-base-metallo-verniciato","9":"product_tag-reggivelo","10":"product_tag-strutture-reggivelo","11":"product_tag-zanzariera","13":"first","14":"instock","15":"shipping-taxable","16":"product-type-simple"},"acf":[],"_links":{"self":[{"href":"https:\/\/appianiagostino.it\/en\/wp-json\/wp\/v2\/product\/418","targetHints":{"allow":["GET"]}}],"collection":[{"href":"https:\/\/appianiagostino.it\/en\/wp-json\/wp\/v2\/product"}],"about":[{"href":"https:\/\/appianiagostino.it\/en\/wp-json\/wp\/v2\/types\/product"}],"wp:featuredmedia":[{"embeddable":true,"href":"https:\/\/appianiagostino.it\/en\/wp-json\/wp\/v2\/media\/419"}],"wp:attachment":[{"href":"https:\/\/appianiagostino.it\/en\/wp-json\/wp\/v2\/media?parent=418"}],"wp:term":[{"taxonomy":"product_brand","embeddable":true,"href":"https:\/\/appianiagostino.it\/en\/wp-json\/wp\/v2\/product_brand?post=418"},{"taxonomy":"product_cat","embeddable":true,"href":"https:\/\/appianiagostino.it\/en\/wp-json\/wp\/v2\/product_cat?post=418"},{"taxonomy":"product_tag","embeddable":true,"href":"https:\/\/appianiagostino.it\/en\/wp-json\/wp\/v2\/product_tag?post=418"}],"curies":[{"name":"wp","href":"https:\/\/api.w.org\/{rel}","templated":true}]}}