{"id":5144,"date":"2026-03-04T10:54:11","date_gmt":"2026-03-04T09:54:11","guid":{"rendered":"https:\/\/appianiagostino.it\/?post_type=product&#038;p=5144"},"modified":"2026-03-04T11:08:31","modified_gmt":"2026-03-04T10:08:31","slug":"ombrello-pieghevole-manuale-con-impugnatura-in-legno","status":"publish","type":"product","link":"https:\/\/appianiagostino.it\/en\/product-2\/ombrello-pieghevole-manuale-con-impugnatura-in-legno\/","title":{"rendered":"Ombrello pieghevole, manuale con impugnatura in legno"},"content":{"rendered":"<p>&nbsp;<\/p>\n<p>OMBRELLO PIEGHEVOLE TELESCOPICO CON MANICO IN LEGNO<\/p>\n<p>3-section drum.<\/p>\n<p>Questo fusto \u00e8 telescopico con apertura manuale a 8 stecche. Il legno del manico pu\u00f2 essere scelto tra castagno, faggio, bamb\u00f9 e ciliegio.<\/p>\n<p>Si tratta di un ombrello personalizzabile al 100% grazie alla possibilit\u00e0 di scegliere il tessuto, il legno ed eventualmente l&#8217;incisione da apporre direttamente sul legno oppure su placchetta metallica.<\/p>\n<p>&nbsp;<\/p>\n<p>&nbsp;<\/p>\n<p>&nbsp;<\/p>","protected":false},"excerpt":{"rendered":"<p>&nbsp; OMBRELLO PIEGHEVOLE TELESCOPICO CON MANICO IN LEGNO Fusto a 3 sezioni. Questo fusto \u00e8 telescopico con apertura manuale a 8 stecche. Il legno del manico pu\u00f2 essere scelto tra castagno, faggio, bamb\u00f9 e ciliegio. Si tratta di un ombrello personalizzabile al 100% grazie alla possibilit\u00e0 di scegliere il tessuto, il legno ed eventualmente l&#8217;incisione [&hellip;]<\/p>\n","protected":false},"featured_media":5145,"template":"","meta":{"_acf_changed":false,"_et_pb_use_builder":"","_et_pb_old_content":"","_et_gb_content_width":""},"product_brand":[],"product_cat":[30,120,50],"product_tag":[57,62,162,63,123,122],"class_list":{"0":"post-5144","1":"product","2":"type-product","3":"status-publish","4":"has-post-thumbnail","6":"product_cat-fusti","7":"product_cat-fusti-manuali-fusti-telescopici","8":"product_cat-fusti-telescopici","9":"product_tag-fusto","10":"product_tag-manuale","11":"product_tag-mini","12":"product_tag-ombrello","13":"product_tag-pieghevole","14":"product_tag-telescopico","16":"first","17":"instock","18":"shipping-taxable","19":"product-type-simple"},"acf":[],"_links":{"self":[{"href":"https:\/\/appianiagostino.it\/en\/wp-json\/wp\/v2\/product\/5144","targetHints":{"allow":["GET"]}}],"collection":[{"href":"https:\/\/appianiagostino.it\/en\/wp-json\/wp\/v2\/product"}],"about":[{"href":"https:\/\/appianiagostino.it\/en\/wp-json\/wp\/v2\/types\/product"}],"wp:featuredmedia":[{"embeddable":true,"href":"https:\/\/appianiagostino.it\/en\/wp-json\/wp\/v2\/media\/5145"}],"wp:attachment":[{"href":"https:\/\/appianiagostino.it\/en\/wp-json\/wp\/v2\/media?parent=5144"}],"wp:term":[{"taxonomy":"product_brand","embeddable":true,"href":"https:\/\/appianiagostino.it\/en\/wp-json\/wp\/v2\/product_brand?post=5144"},{"taxonomy":"product_cat","embeddable":true,"href":"https:\/\/appianiagostino.it\/en\/wp-json\/wp\/v2\/product_cat?post=5144"},{"taxonomy":"product_tag","embeddable":true,"href":"https:\/\/appianiagostino.it\/en\/wp-json\/wp\/v2\/product_tag?post=5144"}],"curies":[{"name":"wp","href":"https:\/\/api.w.org\/{rel}","templated":true}]}}