{"id":529,"date":"2022-05-16T12:10:09","date_gmt":"2022-05-16T10:10:09","guid":{"rendered":"https:\/\/appianiagostino.it\/?post_type=product&#038;p=529"},"modified":"2022-05-17T12:13:08","modified_gmt":"2022-05-17T10:13:08","slug":"bottle-and-stroller-holder","status":"publish","type":"product","link":"https:\/\/appianiagostino.it\/en\/product-2\/bottle-and-stroller-holder\/","title":{"rendered":"Bottle holder for prams and strollers"},"content":{"rendered":"<p><span data-sheets-value=\"{&quot;1&quot;:2,&quot;2&quot;:&quot;per avere sempre a portata di mano latte o bibita in caso di necessit\u00e0&quot;}\" data-sheets-userformat=\"{&quot;2&quot;:15107,&quot;3&quot;:{&quot;1&quot;:0},&quot;4&quot;:{&quot;1&quot;:2,&quot;2&quot;:12040119},&quot;11&quot;:4,&quot;12&quot;:0,&quot;14&quot;:{&quot;1&quot;:3,&quot;3&quot;:1},&quot;15&quot;:&quot;Arial&quot;,&quot;16&quot;:10}\">An indispensable accessory to always have milk or soft drink on hand in case of need.<\/span><\/p>\n<p>When going for a walk with a baby, we can't forget the drinks and the most practical place to keep them of course is... attached to the pram, perhaps hooked directly within reach of the baby so that he can help himself.<\/p>\n<p>Thanks to the<strong>patented universal clamp for both round and oval tubes\u00a0<\/strong>the beverage holder ensures that the container is well fixed even when subjected to vibration.<\/p>\n<p>This accessory is made of REACH-certified, non-toxic nylon and can carry<strong> containers up to 1.5 l capacity<\/strong>.<\/p>\n<p>It is equipped with <strong>orientation button<\/strong> and <strong>clip for extracting the beverage holder<\/strong> since docking<\/p>\n<p>Available in<strong> various colours<\/strong>also on request for small series.<\/p>\n<p>Possibility of<strong> screen printing and customisation<\/strong><\/p>\n<p>&nbsp;<\/p>\n<p>&nbsp;<\/p>","protected":false},"excerpt":{"rendered":"<p>Un accessorio indispensabile per avere sempre a portata di mano latte o bibita in caso di necessit\u00e0. Quando si fa una passeggiata con un beb\u00e8 non possiamo scordare le bevande e il posto pi\u00f9 pratico per tenerle naturalmente \u00e8&#8230; attaccate al passeggino, magari agganciate direttamente alla portata del bambino in modo che possa servirsi da [&hellip;]<\/p>\n","protected":false},"featured_media":530,"template":"","meta":{"_acf_changed":false,"_et_pb_use_builder":"","_et_pb_old_content":"","_et_gb_content_width":""},"product_brand":[],"product_cat":[19],"product_tag":[83,84,85,86],"class_list":{"0":"post-529","1":"product","2":"type-product","3":"status-publish","4":"has-post-thumbnail","6":"product_cat-articoli-infanzia","7":"product_tag-bevande","8":"product_tag-biberon","9":"product_tag-bottiglia","10":"product_tag-passeggino","12":"first","13":"instock","14":"shipping-taxable","15":"product-type-simple"},"acf":[],"_links":{"self":[{"href":"https:\/\/appianiagostino.it\/en\/wp-json\/wp\/v2\/product\/529","targetHints":{"allow":["GET"]}}],"collection":[{"href":"https:\/\/appianiagostino.it\/en\/wp-json\/wp\/v2\/product"}],"about":[{"href":"https:\/\/appianiagostino.it\/en\/wp-json\/wp\/v2\/types\/product"}],"wp:featuredmedia":[{"embeddable":true,"href":"https:\/\/appianiagostino.it\/en\/wp-json\/wp\/v2\/media\/530"}],"wp:attachment":[{"href":"https:\/\/appianiagostino.it\/en\/wp-json\/wp\/v2\/media?parent=529"}],"wp:term":[{"taxonomy":"product_brand","embeddable":true,"href":"https:\/\/appianiagostino.it\/en\/wp-json\/wp\/v2\/product_brand?post=529"},{"taxonomy":"product_cat","embeddable":true,"href":"https:\/\/appianiagostino.it\/en\/wp-json\/wp\/v2\/product_cat?post=529"},{"taxonomy":"product_tag","embeddable":true,"href":"https:\/\/appianiagostino.it\/en\/wp-json\/wp\/v2\/product_tag?post=529"}],"curies":[{"name":"wp","href":"https:\/\/api.w.org\/{rel}","templated":true}]}}