{"id":545,"date":"2022-05-17T11:22:36","date_gmt":"2022-05-17T09:22:36","guid":{"rendered":"https:\/\/appianiagostino.it\/?post_type=product&#038;p=545"},"modified":"2024-03-04T09:20:01","modified_gmt":"2024-03-04T08:20:01","slug":"drums-for-umbrella-parasol","status":"publish","type":"product","link":"https:\/\/appianiagostino.it\/en\/product-2\/drums-for-umbrella-parasol\/","title":{"rendered":"Sunshade drums"},"content":{"rendered":"<h2>Outdoor parasols (garden umbrellas)<\/h2>\n<p>Thanks to the collaboration with Italian partners\/companies specialising in the complete production of outdoor umbrellas, we are able to provide our customers with <strong>High-quality parasols made of wood and covers with innovative and durable materials.<\/strong><\/p>\n<p>Available in size 3mt x 3mt centre pole, it is the top in terms of type of battens and various arrangements.<\/p>\n<p>Parasol adaptable to all sizes, even the largest such as 4m x 4m or \u00d8 4m. Comes with 18\u00d736 mm slats, <strong>in Ash, Kot\u00f2 or Toulipie wood.<\/strong> \u00d8 48mm or \u00d8 58mm pole.<\/p>\n<p>Equipped with two yellow galvanised pulleys and 5 mm polyester rope. The gold-coloured band embellishment to the canola is standard. In addition, a nylon detail is applied to each rod to facilitate the opening of the entire shaft.<\/p>\n<h2>Beach and lido umbrellas<\/h2>\n<p>Parasols<strong> 2m diameter with aluminium pole<\/strong> suitable for beaches and lidos.<\/p>","protected":false},"excerpt":{"rendered":"<p>Ombrelloni da esterno (ombrelloni da giardino) Grazie alla collaborazione con partner\/aziende italiane specializzate nella realizzazione completa di ombrelloni per esterno, siamo in grado di fornire all nostra clientela ombrelloni di alta qualit\u00e0 realizzati in legno\u00a0e coperture con materiali innovativi e resistenti. Disponibili in misura 3mt x3mt palo centrale, \u00e8 il top per tipologia di stecche [&hellip;]<\/p>\n","protected":false},"featured_media":546,"template":"","meta":{"_acf_changed":false,"_et_pb_use_builder":"","_et_pb_old_content":"","_et_gb_content_width":""},"product_brand":[],"product_cat":[21],"product_tag":[101,97,102,100,62,81,104,271,94],"class_list":{"0":"post-545","1":"product","2":"type-product","3":"status-publish","4":"has-post-thumbnail","6":"product_cat-componenti-ombrelloni","7":"product_tag-alluminio","8":"product_tag-giardino","9":"product_tag-legno","10":"product_tag-lido","11":"product_tag-manuale","12":"product_tag-ombrellone","13":"product_tag-parasole","14":"product_tag-quadrato","15":"product_tag-spiaggia","17":"first","18":"instock","19":"shipping-taxable","20":"product-type-simple"},"acf":[],"_links":{"self":[{"href":"https:\/\/appianiagostino.it\/en\/wp-json\/wp\/v2\/product\/545","targetHints":{"allow":["GET"]}}],"collection":[{"href":"https:\/\/appianiagostino.it\/en\/wp-json\/wp\/v2\/product"}],"about":[{"href":"https:\/\/appianiagostino.it\/en\/wp-json\/wp\/v2\/types\/product"}],"wp:featuredmedia":[{"embeddable":true,"href":"https:\/\/appianiagostino.it\/en\/wp-json\/wp\/v2\/media\/546"}],"wp:attachment":[{"href":"https:\/\/appianiagostino.it\/en\/wp-json\/wp\/v2\/media?parent=545"}],"wp:term":[{"taxonomy":"product_brand","embeddable":true,"href":"https:\/\/appianiagostino.it\/en\/wp-json\/wp\/v2\/product_brand?post=545"},{"taxonomy":"product_cat","embeddable":true,"href":"https:\/\/appianiagostino.it\/en\/wp-json\/wp\/v2\/product_cat?post=545"},{"taxonomy":"product_tag","embeddable":true,"href":"https:\/\/appianiagostino.it\/en\/wp-json\/wp\/v2\/product_tag?post=545"}],"curies":[{"name":"wp","href":"https:\/\/api.w.org\/{rel}","templated":true}]}}