{"id":418,"date":"2022-05-11T15:08:43","date_gmt":"2022-05-11T13:08:43","guid":{"rendered":"https:\/\/appianiagostino.it\/?post_type=product&#038;p=418"},"modified":"2024-05-17T12:14:20","modified_gmt":"2024-05-17T10:14:20","slug":"strutture-reggivelo-per-culle-e-lettini","status":"publish","type":"product","link":"https:\/\/appianiagostino.it\/it_it\/prodotto\/strutture-reggivelo-per-culle-e-lettini\/","title":{"rendered":"Strutture reggivelo per culle e lettini"},"content":{"rendered":"<p>Produciamo <strong>aste e struttura sagomata<\/strong> per poter aggiungere al lettino o alla culla del beb\u00e8 il<strong> velo antizanzare o la tenda oscurante<\/strong>.<\/p>\n<p>La struttura pu\u00f2 essere <strong>facilmente agganciata direttamente al letto tramite apposite ganasce gommate<\/strong> oppure pu\u00f2 prevedere una <strong>base a terra<\/strong>, soluzione pi\u00f9 adatta per esempio per le culle a cesta .<\/p>\n<p>Si tratta di un tocco di romanticismo e di classicit\u00e0 ma anche di un<strong> accessorio senza tempo che consente di proteggere il piccolo da insetti volanti e dalla luce<\/strong> insistente durante i suoi dolci sonni.<\/p>\n<p><strong>La struttura \u00e8 in ferro verniciato e sagomato<\/strong> ed \u00e8 disponibile <strong>in bianco ghiaccio o panna<\/strong> (altri colori su richiesta).<\/p>\n<p>Grazie alla collaborazione con i migliori marchi del tessile per camerette, <strong>possiamo fornire anche la parte in tessuto in varie fantasie o il velo antizanzare su richiesta.<\/strong><\/p>\n","protected":false},"excerpt":{"rendered":"<p>Produciamo aste e struttura sagomata per poter aggiungere al lettino o alla culla del beb\u00e8 il velo antizanzare o la tenda oscurante. La struttura pu\u00f2 essere facilmente agganciata direttamente al letto tramite apposite ganasce gommate oppure pu\u00f2 prevedere una base a terra, soluzione pi\u00f9 adatta per esempio per le culle a cesta . Si tratta [&hellip;]<\/p>\n","protected":false},"featured_media":419,"template":"","meta":{"_acf_changed":false,"_et_pb_use_builder":"","_et_pb_old_content":"","_et_gb_content_width":""},"product_brand":[],"product_cat":[19],"product_tag":[283,282,280,44,281],"class_list":{"0":"post-418","1":"product","2":"type-product","3":"status-publish","4":"has-post-thumbnail","6":"product_cat-articoli-infanzia","7":"product_tag-asta-lunga","8":"product_tag-base-metallo-verniciato","9":"product_tag-reggivelo","10":"product_tag-strutture-reggivelo","11":"product_tag-zanzariera","13":"first","14":"instock","15":"shipping-taxable","16":"product-type-simple"},"acf":[],"_links":{"self":[{"href":"https:\/\/appianiagostino.it\/it_it\/wp-json\/wp\/v2\/product\/418","targetHints":{"allow":["GET"]}}],"collection":[{"href":"https:\/\/appianiagostino.it\/it_it\/wp-json\/wp\/v2\/product"}],"about":[{"href":"https:\/\/appianiagostino.it\/it_it\/wp-json\/wp\/v2\/types\/product"}],"wp:featuredmedia":[{"embeddable":true,"href":"https:\/\/appianiagostino.it\/it_it\/wp-json\/wp\/v2\/media\/419"}],"wp:attachment":[{"href":"https:\/\/appianiagostino.it\/it_it\/wp-json\/wp\/v2\/media?parent=418"}],"wp:term":[{"taxonomy":"product_brand","embeddable":true,"href":"https:\/\/appianiagostino.it\/it_it\/wp-json\/wp\/v2\/product_brand?post=418"},{"taxonomy":"product_cat","embeddable":true,"href":"https:\/\/appianiagostino.it\/it_it\/wp-json\/wp\/v2\/product_cat?post=418"},{"taxonomy":"product_tag","embeddable":true,"href":"https:\/\/appianiagostino.it\/it_it\/wp-json\/wp\/v2\/product_tag?post=418"}],"curies":[{"name":"wp","href":"https:\/\/api.w.org\/{rel}","templated":true}]}}