{"id":529,"date":"2022-05-16T12:10:09","date_gmt":"2022-05-16T10:10:09","guid":{"rendered":"https:\/\/appianiagostino.it\/?post_type=product&#038;p=529"},"modified":"2022-05-17T12:13:08","modified_gmt":"2022-05-17T10:13:08","slug":"portabiberon-e-portabevande-da-passeggino","status":"publish","type":"product","link":"https:\/\/appianiagostino.it\/it_it\/prodotto\/portabiberon-e-portabevande-da-passeggino\/","title":{"rendered":"Portabiberon e portabevande da passeggino"},"content":{"rendered":"<p><span data-sheets-value=\"{&quot;1&quot;:2,&quot;2&quot;:&quot;per avere sempre a portata di mano latte o bibita in caso di necessit\u00e0&quot;}\" data-sheets-userformat=\"{&quot;2&quot;:15107,&quot;3&quot;:{&quot;1&quot;:0},&quot;4&quot;:{&quot;1&quot;:2,&quot;2&quot;:12040119},&quot;11&quot;:4,&quot;12&quot;:0,&quot;14&quot;:{&quot;1&quot;:3,&quot;3&quot;:1},&quot;15&quot;:&quot;Arial&quot;,&quot;16&quot;:10}\">Un accessorio indispensabile per avere sempre a portata di mano latte o bibita in caso di necessit\u00e0.<\/span><\/p>\n<p>Quando si fa una passeggiata con un beb\u00e8 non possiamo scordare le bevande e il posto pi\u00f9 pratico per tenerle naturalmente \u00e8&#8230; attaccate al passeggino, magari agganciate direttamente alla portata del bambino in modo che possa servirsi da solo.<\/p>\n<p>Grazie all&#8217;<strong>aggancio universale brevettato per tubi rotondi ed ovali<\/strong>, il porta bevande garantisce una tenuta del contenitore anche sottoposto a vibrazioni.<\/p>\n<p>Questo accessorio \u00e8 realizzato in Nylon certificato REACH ed atossico e pu\u00f2 trasportare<strong> contenitori fino a 1,5 lt di capienza<\/strong>.<\/p>\n<p>E&#8217; dotato di <strong>pulsante di orientamento<\/strong> e <strong>clip per estrarre il porta bevande<\/strong> dall\u2019aggancio<\/p>\n<p>Disponibile in<strong> vari colori<\/strong>, anche su richiesta per piccole serie.<\/p>\n<p>Possibilit\u00e0 di<strong> serigrafia e personalizzazione<\/strong><\/p>\n<p>&nbsp;<\/p>\n<p>&nbsp;<\/p>\n","protected":false},"excerpt":{"rendered":"<p>Un accessorio indispensabile per avere sempre a portata di mano latte o bibita in caso di necessit\u00e0. Quando si fa una passeggiata con un beb\u00e8 non possiamo scordare le bevande e il posto pi\u00f9 pratico per tenerle naturalmente \u00e8&#8230; attaccate al passeggino, magari agganciate direttamente alla portata del bambino in modo che possa servirsi da [&hellip;]<\/p>\n","protected":false},"featured_media":530,"template":"","meta":{"_acf_changed":false,"_et_pb_use_builder":"","_et_pb_old_content":"","_et_gb_content_width":""},"product_brand":[],"product_cat":[19],"product_tag":[83,84,85,86],"class_list":{"0":"post-529","1":"product","2":"type-product","3":"status-publish","4":"has-post-thumbnail","6":"product_cat-articoli-infanzia","7":"product_tag-bevande","8":"product_tag-biberon","9":"product_tag-bottiglia","10":"product_tag-passeggino","12":"first","13":"instock","14":"shipping-taxable","15":"product-type-simple"},"acf":[],"_links":{"self":[{"href":"https:\/\/appianiagostino.it\/it_it\/wp-json\/wp\/v2\/product\/529","targetHints":{"allow":["GET"]}}],"collection":[{"href":"https:\/\/appianiagostino.it\/it_it\/wp-json\/wp\/v2\/product"}],"about":[{"href":"https:\/\/appianiagostino.it\/it_it\/wp-json\/wp\/v2\/types\/product"}],"wp:featuredmedia":[{"embeddable":true,"href":"https:\/\/appianiagostino.it\/it_it\/wp-json\/wp\/v2\/media\/530"}],"wp:attachment":[{"href":"https:\/\/appianiagostino.it\/it_it\/wp-json\/wp\/v2\/media?parent=529"}],"wp:term":[{"taxonomy":"product_brand","embeddable":true,"href":"https:\/\/appianiagostino.it\/it_it\/wp-json\/wp\/v2\/product_brand?post=529"},{"taxonomy":"product_cat","embeddable":true,"href":"https:\/\/appianiagostino.it\/it_it\/wp-json\/wp\/v2\/product_cat?post=529"},{"taxonomy":"product_tag","embeddable":true,"href":"https:\/\/appianiagostino.it\/it_it\/wp-json\/wp\/v2\/product_tag?post=529"}],"curies":[{"name":"wp","href":"https:\/\/api.w.org\/{rel}","templated":true}]}}