{"id":545,"date":"2022-05-17T11:22:36","date_gmt":"2022-05-17T09:22:36","guid":{"rendered":"https:\/\/appianiagostino.it\/?post_type=product&#038;p=545"},"modified":"2024-03-04T09:20:01","modified_gmt":"2024-03-04T08:20:01","slug":"fusti-per-ombrellone-parasole","status":"publish","type":"product","link":"https:\/\/appianiagostino.it\/it_it\/prodotto\/fusti-per-ombrellone-parasole\/","title":{"rendered":"Fusti per ombrellone parasole"},"content":{"rendered":"<h2>Ombrelloni da esterno (ombrelloni da giardino)<\/h2>\n<p>Grazie alla collaborazione con partner\/aziende italiane specializzate nella realizzazione completa di ombrelloni per esterno, siamo in grado di fornire all nostra clientela <strong>ombrelloni di alta qualit\u00e0 realizzati in legno\u00a0e coperture con materiali innovativi e resistenti.<\/strong><\/p>\n<p>Disponibili in misura 3mt x3mt palo centrale, \u00e8 il top per tipologia di stecche e accorgimenti vari.<\/p>\n<p>Ombrellone adattabile a tutte le misure, anche le pi\u00f9 grandi tipo 4mt x4mt o \u00d8 4mt. Viene fornito con stecche di dimensioni 18&#215;36 mm, <strong>in legno di Frassino, Kot\u00f2 o Toulipie.<\/strong> Palo \u00d8 48mm o \u00d8 58mm.<\/p>\n<p>Dotato di due carrucole zincate gialle e corda da mm 5 in poliestere. L&#8217;abbellimento con fascetta color oro alla canola \u00e8 standard. Inoltre ad ogni stecca viene applicato un particolare in nylon che facilita l&#8217;apertura dell&#8217;intero fusto.<\/p>\n<h2>Ombrelloni da spiaggia e da lido<\/h2>\n<p>Ombrelloni<strong> diametro 2mt con palo in alluminio<\/strong> adatti a spiagge e lidi.<\/p>\n","protected":false},"excerpt":{"rendered":"<p>Ombrelloni da esterno (ombrelloni da giardino) Grazie alla collaborazione con partner\/aziende italiane specializzate nella realizzazione completa di ombrelloni per esterno, siamo in grado di fornire all nostra clientela ombrelloni di alta qualit\u00e0 realizzati in legno\u00a0e coperture con materiali innovativi e resistenti. Disponibili in misura 3mt x3mt palo centrale, \u00e8 il top per tipologia di stecche [&hellip;]<\/p>\n","protected":false},"featured_media":546,"template":"","meta":{"_acf_changed":false,"_et_pb_use_builder":"","_et_pb_old_content":"","_et_gb_content_width":""},"product_brand":[],"product_cat":[21],"product_tag":[101,97,102,100,62,81,104,271,94],"class_list":{"0":"post-545","1":"product","2":"type-product","3":"status-publish","4":"has-post-thumbnail","6":"product_cat-componenti-ombrelloni","7":"product_tag-alluminio","8":"product_tag-giardino","9":"product_tag-legno","10":"product_tag-lido","11":"product_tag-manuale","12":"product_tag-ombrellone","13":"product_tag-parasole","14":"product_tag-quadrato","15":"product_tag-spiaggia","17":"first","18":"instock","19":"shipping-taxable","20":"product-type-simple"},"acf":[],"_links":{"self":[{"href":"https:\/\/appianiagostino.it\/it_it\/wp-json\/wp\/v2\/product\/545","targetHints":{"allow":["GET"]}}],"collection":[{"href":"https:\/\/appianiagostino.it\/it_it\/wp-json\/wp\/v2\/product"}],"about":[{"href":"https:\/\/appianiagostino.it\/it_it\/wp-json\/wp\/v2\/types\/product"}],"wp:featuredmedia":[{"embeddable":true,"href":"https:\/\/appianiagostino.it\/it_it\/wp-json\/wp\/v2\/media\/546"}],"wp:attachment":[{"href":"https:\/\/appianiagostino.it\/it_it\/wp-json\/wp\/v2\/media?parent=545"}],"wp:term":[{"taxonomy":"product_brand","embeddable":true,"href":"https:\/\/appianiagostino.it\/it_it\/wp-json\/wp\/v2\/product_brand?post=545"},{"taxonomy":"product_cat","embeddable":true,"href":"https:\/\/appianiagostino.it\/it_it\/wp-json\/wp\/v2\/product_cat?post=545"},{"taxonomy":"product_tag","embeddable":true,"href":"https:\/\/appianiagostino.it\/it_it\/wp-json\/wp\/v2\/product_tag?post=545"}],"curies":[{"name":"wp","href":"https:\/\/api.w.org\/{rel}","templated":true}]}}